{"id":2787,"date":"2020-12-12T16:28:48","date_gmt":"2020-12-12T16:28:48","guid":{"rendered":"https:\/\/afriquia50sprints.com\/?page_id=2787"},"modified":"2020-12-12T20:48:56","modified_gmt":"2020-12-12T20:48:56","slug":"news","status":"publish","type":"page","link":"https:\/\/afriquia50sprints.com\/en\/news\/","title":{"rendered":"News &#8211; VE"},"content":{"rendered":"<div data-elementor-type=\"wp-page\" data-elementor-id=\"2787\" class=\"elementor elementor-2787\" data-elementor-post-type=\"page\">\n\t\t\t\t\t\t<section class=\"elementor-section elementor-top-section elementor-element elementor-element-b3d9633 elementor-section-boxed elementor-section-height-default elementor-section-height-default elementor-invisible\" data-id=\"b3d9633\" data-element_type=\"section\" data-e-type=\"section\" data-settings=\"{&quot;animation&quot;:&quot;fadeInDown&quot;,&quot;animation_delay&quot;:100}\">\n\t\t\t\t\t\t<div class=\"elementor-container elementor-column-gap-default\">\n\t\t\t\t\t<div class=\"elementor-column elementor-col-100 elementor-top-column elementor-element elementor-element-5426832\" data-id=\"5426832\" data-element_type=\"column\" data-e-type=\"column\">\n\t\t\t<div class=\"elementor-widget-wrap elementor-element-populated\">\n\t\t\t\t\t\t<div class=\"elementor-element elementor-element-17fcdfe animated-fast elementor-invisible elementor-widget elementor-widget-heading\" data-id=\"17fcdfe\" data-element_type=\"widget\" data-e-type=\"widget\" data-settings=\"{&quot;_animation&quot;:&quot;fadeInDown&quot;}\" data-widget_type=\"heading.default\">\n\t\t\t\t<div class=\"elementor-widget-container\">\n\t\t\t\t\t<h2 class=\"elementor-heading-title elementor-size-default\"><a href=\"#\">News<\/a><\/h2>\t\t\t\t<\/div>\n\t\t\t\t<\/div>\n\t\t\t\t\t<\/div>\n\t\t<\/div>\n\t\t\t\t\t<\/div>\n\t\t<\/section>\n\t\t\t\t<section class=\"elementor-section elementor-top-section elementor-element elementor-element-a9bdd11 elementor-section-stretched elementor-section-full_width elementor-section-height-default elementor-section-height-default\" data-id=\"a9bdd11\" data-element_type=\"section\" data-e-type=\"section\" data-settings=\"{&quot;stretch_section&quot;:&quot;section-stretched&quot;}\">\n\t\t\t\t\t\t<div class=\"elementor-container elementor-column-gap-default\">\n\t\t\t\t\t<div class=\"elementor-column elementor-col-100 elementor-top-column elementor-element elementor-element-8dff4b0\" data-id=\"8dff4b0\" data-element_type=\"column\" data-e-type=\"column\">\n\t\t\t<div class=\"elementor-widget-wrap elementor-element-populated\">\n\t\t\t\t\t\t<div class=\"elementor-element elementor-element-4f4ab81 elementor-absolute elementor-widget elementor-widget-wp-widget-custom_html\" data-id=\"4f4ab81\" data-element_type=\"widget\" data-e-type=\"widget\" data-settings=\"{&quot;_position&quot;:&quot;absolute&quot;}\" data-widget_type=\"wp-widget-custom_html.default\">\n\t\t\t\t<div class=\"elementor-widget-container\">\n\t\t\t\t\t<div class=\"textwidget custom-html-widget\"><div style='width : 80%' class='video-container'>\r\n\r\n<video class=\"elementor-background-video-hosted elementor-html5-video\" autoplay=\"\" muted=\"\" playsinline=\"\" loop=\"\" src=\"\/assets\/right.mp4\" style=\"width: 800px;height: 1200px\">\r\n\r\n \r\n\r\n\r\n\r\n\r\n<\/video> \r\n<\/div><\/div>\t\t\t\t<\/div>\n\t\t\t\t<\/div>\n\t\t\t\t\t<\/div>\n\t\t<\/div>\n\t\t\t\t\t<\/div>\n\t\t<\/section>\n\t\t\t\t<section class=\"elementor-section elementor-top-section elementor-element elementor-element-1bcd1de animated-fast elementor-section-boxed elementor-section-height-default elementor-section-height-default elementor-invisible\" data-id=\"1bcd1de\" data-element_type=\"section\" data-e-type=\"section\" data-settings=\"{&quot;animation&quot;:&quot;fadeInUp&quot;}\">\n\t\t\t\t\t\t<div class=\"elementor-container elementor-column-gap-default\">\n\t\t\t\t\t<div class=\"elementor-column elementor-col-100 elementor-top-column elementor-element elementor-element-619da8c\" data-id=\"619da8c\" data-element_type=\"column\" data-e-type=\"column\">\n\t\t\t<div class=\"elementor-widget-wrap elementor-element-populated\">\n\t\t\t\t\t\t<div class=\"elementor-element elementor-element-cf493b9 animated-fast elementor-invisible elementor-widget elementor-widget-heading\" data-id=\"cf493b9\" data-element_type=\"widget\" data-e-type=\"widget\" data-settings=\"{&quot;_animation&quot;:&quot;fadeInDown&quot;}\" data-widget_type=\"heading.default\">\n\t\t\t\t<div class=\"elementor-widget-container\">\n\t\t\t\t\t<h2 class=\"elementor-heading-title elementor-size-default\"><a href=\"#\">Most viewed<\/a><\/h2>\t\t\t\t<\/div>\n\t\t\t\t<\/div>\n\t\t\t\t<div class=\"elementor-element elementor-element-a440d41 elementor-grid-3 elementor-grid-tablet-2 elementor-grid-mobile-1 elementor-posts--thumbnail-top elementor-posts__hover-gradient elementor-widget elementor-widget-posts\" data-id=\"a440d41\" data-element_type=\"widget\" data-e-type=\"widget\" data-settings=\"{&quot;cards_columns&quot;:&quot;3&quot;,&quot;cards_columns_tablet&quot;:&quot;2&quot;,&quot;cards_columns_mobile&quot;:&quot;1&quot;,&quot;cards_row_gap&quot;:{&quot;unit&quot;:&quot;px&quot;,&quot;size&quot;:35,&quot;sizes&quot;:[]},&quot;cards_row_gap_tablet&quot;:{&quot;unit&quot;:&quot;px&quot;,&quot;size&quot;:&quot;&quot;,&quot;sizes&quot;:[]},&quot;cards_row_gap_mobile&quot;:{&quot;unit&quot;:&quot;px&quot;,&quot;size&quot;:&quot;&quot;,&quot;sizes&quot;:[]}}\" data-widget_type=\"posts.cards\">\n\t\t\t\t<div class=\"elementor-widget-container\">\n\t\t\t\t\t\t\t<div class=\"elementor-posts-container elementor-posts elementor-posts--skin-cards elementor-grid\" role=\"list\">\n\t\t\t\t<article class=\"elementor-post elementor-grid-item post-4863 post type-post status-publish format-standard hentry category-non-classifiee\" role=\"listitem\">\n\t\t\t<div class=\"elementor-post__card\">\n\t\t\t\t<div class=\"elementor-post__text\">\n\t\t\t\t<h3 class=\"elementor-post__title\">\n\t\t\t<a href=\"https:\/\/afriquia50sprints.com\/en\/la-sante-a-portee-de-clic-avec-ta7alil-ma\/\" >\n\t\t\t\tLa sant\u00e9 \u00e0 port\u00e9e de clic, avec Ta7alil.ma.\t\t\t<\/a>\n\t\t<\/h3>\n\t\t\t\t<div class=\"elementor-post__excerpt\">\n\t\t\t<p>Ta7alil.ma : La sant\u00e9 \u00e0 port\u00e9e de clic. Voir le site Ta7alil.ma, est une plateforme marocaine de Healtech, qui r\u00e9volutionne l&rsquo;\u00e9cosyst\u00e8me de la sant\u00e9 en<\/p>\n\t\t<\/div>\n\t\t\n\t\t<a class=\"elementor-post__read-more\" href=\"https:\/\/afriquia50sprints.com\/en\/la-sante-a-portee-de-clic-avec-ta7alil-ma\/\" aria-label=\"Read more about La sant\u00e9 \u00e0 port\u00e9e de clic, avec Ta7alil.ma.\" tabindex=\"-1\" >\n\t\t\tRead more\t\t<\/a>\n\n\t\t\t\t<\/div>\n\t\t\t\t<div class=\"elementor-post__meta-data\">\n\t\t\t\t\t<span class=\"elementor-post-date\">\n\t\t\tFebruary 8, 2024\t\t<\/span>\n\t\t\t\t<\/div>\n\t\t\t\t\t<\/div>\n\t\t<\/article>\n\t\t\t\t<article class=\"elementor-post elementor-grid-item post-4843 post type-post status-publish format-standard has-post-thumbnail hentry category-non-classifiee\" role=\"listitem\">\n\t\t\t<div class=\"elementor-post__card\">\n\t\t\t\t<a class=\"elementor-post__thumbnail__link\" href=\"https:\/\/afriquia50sprints.com\/en\/start-up-lyko-raises-e1-4-million-to-accelerate-its-international-expansion\/\" tabindex=\"-1\" ><div class=\"elementor-post__thumbnail\"><img decoding=\"async\" width=\"300\" height=\"150\" src=\"https:\/\/afriquia50sprints.com\/wp-content\/uploads\/lyko-fundraising-3-300x150.jpg\" class=\"attachment-medium size-medium wp-image-4844\" alt=\"\" srcset=\"https:\/\/afriquia50sprints.com\/wp-content\/uploads\/lyko-fundraising-3-300x150.jpg 300w, https:\/\/afriquia50sprints.com\/wp-content\/uploads\/lyko-fundraising-3-768x384.jpg 768w, https:\/\/afriquia50sprints.com\/wp-content\/uploads\/lyko-fundraising-3-18x9.jpg 18w, https:\/\/afriquia50sprints.com\/wp-content\/uploads\/lyko-fundraising-3.jpg 1000w\" sizes=\"100vw\" \/><\/div><\/a>\n\t\t\t\t<div class=\"elementor-post__text\">\n\t\t\t\t<h3 class=\"elementor-post__title\">\n\t\t\t<a href=\"https:\/\/afriquia50sprints.com\/en\/start-up-lyko-raises-e1-4-million-to-accelerate-its-international-expansion\/\" >\n\t\t\t\tStart-up Lyko raises \u20ac1.4 million to accelerate its international expansion\t\t\t<\/a>\n\t\t<\/h3>\n\t\t\t\t<div class=\"elementor-post__excerpt\">\n\t\t\t<p>Start-up Lyko raises \u20ac1.4 million to accelerate its international expansion Lire la suite<\/p>\n\t\t<\/div>\n\t\t\n\t\t<a class=\"elementor-post__read-more\" href=\"https:\/\/afriquia50sprints.com\/en\/start-up-lyko-raises-e1-4-million-to-accelerate-its-international-expansion\/\" aria-label=\"Read more about Start-up Lyko raises \u20ac1.4 million to accelerate its international expansion\" tabindex=\"-1\" >\n\t\t\tRead more\t\t<\/a>\n\n\t\t\t\t<\/div>\n\t\t\t\t<div class=\"elementor-post__meta-data\">\n\t\t\t\t\t<span class=\"elementor-post-date\">\n\t\t\tDecember 29, 2023\t\t<\/span>\n\t\t\t\t<\/div>\n\t\t\t\t\t<\/div>\n\t\t<\/article>\n\t\t\t\t<article class=\"elementor-post elementor-grid-item post-4836 post type-post status-publish format-standard has-post-thumbnail hentry category-non-classifiee\" role=\"listitem\">\n\t\t\t<div class=\"elementor-post__card\">\n\t\t\t\t<a class=\"elementor-post__thumbnail__link\" href=\"https:\/\/afriquia50sprints.com\/en\/akwa-invistit-25-mdh-dans-chauffeur-ma-et-votrecolis-ma\/\" tabindex=\"-1\" ><div class=\"elementor-post__thumbnail\"><img decoding=\"async\" width=\"300\" height=\"150\" src=\"https:\/\/afriquia50sprints.com\/wp-content\/uploads\/Ismail-belkhyat-300x150.jpg\" class=\"attachment-medium size-medium wp-image-4837\" alt=\"\" srcset=\"https:\/\/afriquia50sprints.com\/wp-content\/uploads\/Ismail-belkhyat-300x150.jpg 300w, https:\/\/afriquia50sprints.com\/wp-content\/uploads\/Ismail-belkhyat-768x384.jpg 768w, https:\/\/afriquia50sprints.com\/wp-content\/uploads\/Ismail-belkhyat-18x9.jpg 18w, https:\/\/afriquia50sprints.com\/wp-content\/uploads\/Ismail-belkhyat.jpg 1000w\" sizes=\"100vw\" \/><\/div><\/a>\n\t\t\t\t<div class=\"elementor-post__text\">\n\t\t\t\t<h3 class=\"elementor-post__title\">\n\t\t\t<a href=\"https:\/\/afriquia50sprints.com\/en\/akwa-invistit-25-mdh-dans-chauffeur-ma-et-votrecolis-ma\/\" >\n\t\t\t\tAkwa invistit 2,5 MDH dans Chauffeur.ma et VotreColis.ma\t\t\t<\/a>\n\t\t<\/h3>\n\t\t\t\t<div class=\"elementor-post__excerpt\">\n\t\t\t<p>Akwa invistit 2,5 MDH dans Chauffeur.ma et VotreColis.ma Lire la suite<\/p>\n\t\t<\/div>\n\t\t\n\t\t<a class=\"elementor-post__read-more\" href=\"https:\/\/afriquia50sprints.com\/en\/akwa-invistit-25-mdh-dans-chauffeur-ma-et-votrecolis-ma\/\" aria-label=\"Read more about Akwa invistit 2,5 MDH dans Chauffeur.ma et VotreColis.ma\" tabindex=\"-1\" >\n\t\t\tRead more\t\t<\/a>\n\n\t\t\t\t<\/div>\n\t\t\t\t<div class=\"elementor-post__meta-data\">\n\t\t\t\t\t<span class=\"elementor-post-date\">\n\t\t\tDecember 29, 2023\t\t<\/span>\n\t\t\t\t<\/div>\n\t\t\t\t\t<\/div>\n\t\t<\/article>\n\t\t\t\t<\/div>\n\t\t\n\t\t\t\t\t\t<\/div>\n\t\t\t\t<\/div>\n\t\t\t\t\t<\/div>\n\t\t<\/div>\n\t\t\t\t\t<\/div>\n\t\t<\/section>\n\t\t\t\t<section class=\"elementor-section elementor-top-section elementor-element elementor-element-98107f1 animated-fast elementor-hidden-phone elementor-section-boxed elementor-section-height-default elementor-section-height-default elementor-invisible\" data-id=\"98107f1\" data-element_type=\"section\" data-e-type=\"section\" data-settings=\"{&quot;animation&quot;:&quot;fadeInUp&quot;}\">\n\t\t\t\t\t\t<div class=\"elementor-container elementor-column-gap-default\">\n\t\t\t\t\t<div class=\"elementor-column elementor-col-100 elementor-top-column elementor-element elementor-element-62d3506\" data-id=\"62d3506\" data-element_type=\"column\" data-e-type=\"column\">\n\t\t\t<div class=\"elementor-widget-wrap elementor-element-populated\">\n\t\t\t\t\t\t<div class=\"elementor-element elementor-element-b1a6f29 animated-fast elementor-invisible elementor-widget elementor-widget-heading\" data-id=\"b1a6f29\" data-element_type=\"widget\" data-e-type=\"widget\" data-settings=\"{&quot;_animation&quot;:&quot;fadeInDown&quot;}\" data-widget_type=\"heading.default\">\n\t\t\t\t<div class=\"elementor-widget-container\">\n\t\t\t\t\t<h2 class=\"elementor-heading-title elementor-size-default\"><a href=\"#\">all the news<\/a><\/h2>\t\t\t\t<\/div>\n\t\t\t\t<\/div>\n\t\t\t\t<div class=\"elementor-element elementor-element-43def12 elementor-grid-1 elementor-posts--thumbnail-left elementor-grid-tablet-2 elementor-grid-mobile-1 elementor-widget elementor-widget-posts\" data-id=\"43def12\" data-element_type=\"widget\" data-e-type=\"widget\" data-settings=\"{&quot;classic_columns&quot;:&quot;1&quot;,&quot;classic_columns_tablet&quot;:&quot;2&quot;,&quot;classic_columns_mobile&quot;:&quot;1&quot;,&quot;classic_row_gap&quot;:{&quot;unit&quot;:&quot;px&quot;,&quot;size&quot;:35,&quot;sizes&quot;:[]},&quot;classic_row_gap_tablet&quot;:{&quot;unit&quot;:&quot;px&quot;,&quot;size&quot;:&quot;&quot;,&quot;sizes&quot;:[]},&quot;classic_row_gap_mobile&quot;:{&quot;unit&quot;:&quot;px&quot;,&quot;size&quot;:&quot;&quot;,&quot;sizes&quot;:[]}}\" data-widget_type=\"posts.classic\">\n\t\t\t\t<div class=\"elementor-widget-container\">\n\t\t\t\t\t\t\t<div class=\"elementor-posts-container elementor-posts elementor-posts--skin-classic elementor-grid\" role=\"list\">\n\t\t\t\t<article class=\"elementor-post elementor-grid-item post-4863 post type-post status-publish format-standard hentry category-non-classifiee\" role=\"listitem\">\n\t\t\t\t<div class=\"elementor-post__text\">\n\t\t\t\t<h3 class=\"elementor-post__title\">\n\t\t\t<a href=\"https:\/\/afriquia50sprints.com\/en\/la-sante-a-portee-de-clic-avec-ta7alil-ma\/\" >\n\t\t\t\tLa sant\u00e9 \u00e0 port\u00e9e de clic, avec Ta7alil.ma.\t\t\t<\/a>\n\t\t<\/h3>\n\t\t\t\t<div class=\"elementor-post__meta-data\">\n\t\t\t\t\t<span class=\"elementor-post-date\">\n\t\t\tFebruary 8, 2024\t\t<\/span>\n\t\t\t\t<\/div>\n\t\t\t\t<div class=\"elementor-post__excerpt\">\n\t\t\t<p>Ta7alil.ma : La sant\u00e9 \u00e0 port\u00e9e de clic. Voir le site Ta7alil.ma, est une plateforme marocaine de Healtech, qui r\u00e9volutionne l&rsquo;\u00e9cosyst\u00e8me de la sant\u00e9 en<\/p>\n\t\t<\/div>\n\t\t\n\t\t<a class=\"elementor-post__read-more\" href=\"https:\/\/afriquia50sprints.com\/en\/la-sante-a-portee-de-clic-avec-ta7alil-ma\/\" aria-label=\"Read more about La sant\u00e9 \u00e0 port\u00e9e de clic, avec Ta7alil.ma.\" tabindex=\"-1\" >\n\t\t\tRead more\t\t<\/a>\n\n\t\t\t\t<\/div>\n\t\t\t\t<\/article>\n\t\t\t\t<article class=\"elementor-post elementor-grid-item post-4843 post type-post status-publish format-standard has-post-thumbnail hentry category-non-classifiee\" role=\"listitem\">\n\t\t\t\t<a class=\"elementor-post__thumbnail__link\" href=\"https:\/\/afriquia50sprints.com\/en\/start-up-lyko-raises-e1-4-million-to-accelerate-its-international-expansion\/\" tabindex=\"-1\" >\n\t\t\t<div class=\"elementor-post__thumbnail\"><img fetchpriority=\"high\" decoding=\"async\" width=\"525\" height=\"263\" src=\"https:\/\/afriquia50sprints.com\/wp-content\/uploads\/lyko-fundraising-3.jpg\" class=\"attachment-large size-large wp-image-4844\" alt=\"\" srcset=\"https:\/\/afriquia50sprints.com\/wp-content\/uploads\/lyko-fundraising-3.jpg 1000w, https:\/\/afriquia50sprints.com\/wp-content\/uploads\/lyko-fundraising-3-300x150.jpg 300w, https:\/\/afriquia50sprints.com\/wp-content\/uploads\/lyko-fundraising-3-768x384.jpg 768w, https:\/\/afriquia50sprints.com\/wp-content\/uploads\/lyko-fundraising-3-18x9.jpg 18w\" sizes=\"(max-width: 525px) 100vw, 525px\" \/><\/div>\n\t\t<\/a>\n\t\t\t\t<div class=\"elementor-post__text\">\n\t\t\t\t<h3 class=\"elementor-post__title\">\n\t\t\t<a href=\"https:\/\/afriquia50sprints.com\/en\/start-up-lyko-raises-e1-4-million-to-accelerate-its-international-expansion\/\" >\n\t\t\t\tStart-up Lyko raises \u20ac1.4 million to accelerate its international expansion\t\t\t<\/a>\n\t\t<\/h3>\n\t\t\t\t<div class=\"elementor-post__meta-data\">\n\t\t\t\t\t<span class=\"elementor-post-date\">\n\t\t\tDecember 29, 2023\t\t<\/span>\n\t\t\t\t<\/div>\n\t\t\t\t<div class=\"elementor-post__excerpt\">\n\t\t\t<p>Start-up Lyko raises \u20ac1.4 million to accelerate its international expansion Lire la suite<\/p>\n\t\t<\/div>\n\t\t\n\t\t<a class=\"elementor-post__read-more\" href=\"https:\/\/afriquia50sprints.com\/en\/start-up-lyko-raises-e1-4-million-to-accelerate-its-international-expansion\/\" aria-label=\"Read more about Start-up Lyko raises \u20ac1.4 million to accelerate its international expansion\" tabindex=\"-1\" >\n\t\t\tRead more\t\t<\/a>\n\n\t\t\t\t<\/div>\n\t\t\t\t<\/article>\n\t\t\t\t<article class=\"elementor-post elementor-grid-item post-4836 post type-post status-publish format-standard has-post-thumbnail hentry category-non-classifiee\" role=\"listitem\">\n\t\t\t\t<a class=\"elementor-post__thumbnail__link\" href=\"https:\/\/afriquia50sprints.com\/en\/akwa-invistit-25-mdh-dans-chauffeur-ma-et-votrecolis-ma\/\" tabindex=\"-1\" >\n\t\t\t<div class=\"elementor-post__thumbnail\"><img loading=\"lazy\" decoding=\"async\" width=\"525\" height=\"263\" src=\"https:\/\/afriquia50sprints.com\/wp-content\/uploads\/Ismail-belkhyat.jpg\" class=\"attachment-large size-large wp-image-4837\" alt=\"\" srcset=\"https:\/\/afriquia50sprints.com\/wp-content\/uploads\/Ismail-belkhyat.jpg 1000w, https:\/\/afriquia50sprints.com\/wp-content\/uploads\/Ismail-belkhyat-300x150.jpg 300w, https:\/\/afriquia50sprints.com\/wp-content\/uploads\/Ismail-belkhyat-768x384.jpg 768w, https:\/\/afriquia50sprints.com\/wp-content\/uploads\/Ismail-belkhyat-18x9.jpg 18w\" sizes=\"(max-width: 525px) 100vw, 525px\" \/><\/div>\n\t\t<\/a>\n\t\t\t\t<div class=\"elementor-post__text\">\n\t\t\t\t<h3 class=\"elementor-post__title\">\n\t\t\t<a href=\"https:\/\/afriquia50sprints.com\/en\/akwa-invistit-25-mdh-dans-chauffeur-ma-et-votrecolis-ma\/\" >\n\t\t\t\tAkwa invistit 2,5 MDH dans Chauffeur.ma et VotreColis.ma\t\t\t<\/a>\n\t\t<\/h3>\n\t\t\t\t<div class=\"elementor-post__meta-data\">\n\t\t\t\t\t<span class=\"elementor-post-date\">\n\t\t\tDecember 29, 2023\t\t<\/span>\n\t\t\t\t<\/div>\n\t\t\t\t<div class=\"elementor-post__excerpt\">\n\t\t\t<p>Akwa invistit 2,5 MDH dans Chauffeur.ma et VotreColis.ma Lire la suite<\/p>\n\t\t<\/div>\n\t\t\n\t\t<a class=\"elementor-post__read-more\" href=\"https:\/\/afriquia50sprints.com\/en\/akwa-invistit-25-mdh-dans-chauffeur-ma-et-votrecolis-ma\/\" aria-label=\"Read more about Akwa invistit 2,5 MDH dans Chauffeur.ma et VotreColis.ma\" tabindex=\"-1\" >\n\t\t\tRead more\t\t<\/a>\n\n\t\t\t\t<\/div>\n\t\t\t\t<\/article>\n\t\t\t\t<\/div>\n\t\t\n\t\t\t\t\t\t<\/div>\n\t\t\t\t<\/div>\n\t\t\t\t\t<\/div>\n\t\t<\/div>\n\t\t\t\t\t<\/div>\n\t\t<\/section>\n\t\t\t\t<section class=\"elementor-section elementor-top-section elementor-element elementor-element-5be5f22 elementor-section-boxed elementor-section-height-default elementor-section-height-default elementor-invisible\" data-id=\"5be5f22\" data-element_type=\"section\" data-e-type=\"section\" data-settings=\"{&quot;animation&quot;:&quot;fadeInDown&quot;,&quot;animation_delay&quot;:100}\">\n\t\t\t\t\t\t<div class=\"elementor-container elementor-column-gap-default\">\n\t\t\t\t\t<div class=\"elementor-column elementor-col-100 elementor-top-column elementor-element elementor-element-ad7dee1\" data-id=\"ad7dee1\" data-element_type=\"column\" data-e-type=\"column\">\n\t\t\t<div class=\"elementor-widget-wrap\">\n\t\t\t\t\t\t\t<\/div>\n\t\t<\/div>\n\t\t\t\t\t<\/div>\n\t\t<\/section>\n\t\t\t\t<section class=\"elementor-section elementor-top-section elementor-element elementor-element-1d00316 elementor-section-boxed elementor-section-height-default elementor-section-height-default\" data-id=\"1d00316\" data-element_type=\"section\" data-e-type=\"section\">\n\t\t\t\t\t\t<div class=\"elementor-container elementor-column-gap-default\">\n\t\t\t\t\t<div class=\"elementor-column elementor-col-100 elementor-top-column elementor-element elementor-element-9698b33\" data-id=\"9698b33\" data-element_type=\"column\" data-e-type=\"column\">\n\t\t\t<div class=\"elementor-widget-wrap elementor-element-populated\">\n\t\t\t\t\t\t<div class=\"elementor-element elementor-element-186e2f2 elementor-widget elementor-widget-spacer\" data-id=\"186e2f2\" data-element_type=\"widget\" data-e-type=\"widget\" data-widget_type=\"spacer.default\">\n\t\t\t\t<div class=\"elementor-widget-container\">\n\t\t\t\t\t\t\t<div class=\"elementor-spacer\">\n\t\t\t<div class=\"elementor-spacer-inner\"><\/div>\n\t\t<\/div>\n\t\t\t\t\t\t<\/div>\n\t\t\t\t<\/div>\n\t\t\t\t\t<\/div>\n\t\t<\/div>\n\t\t\t\t\t<\/div>\n\t\t<\/section>\n\t\t\t\t<\/div>","protected":false},"excerpt":{"rendered":"<p>News Most viewed all the news<\/p>","protected":false},"author":1,"featured_media":0,"parent":0,"menu_order":0,"comment_status":"closed","ping_status":"closed","template":"elementor_header_footer","meta":{"footnotes":""},"class_list":["post-2787","page","type-page","status-publish","hentry"],"_links":{"self":[{"href":"https:\/\/afriquia50sprints.com\/en\/wp-json\/wp\/v2\/pages\/2787"}],"collection":[{"href":"https:\/\/afriquia50sprints.com\/en\/wp-json\/wp\/v2\/pages"}],"about":[{"href":"https:\/\/afriquia50sprints.com\/en\/wp-json\/wp\/v2\/types\/page"}],"author":[{"embeddable":true,"href":"https:\/\/afriquia50sprints.com\/en\/wp-json\/wp\/v2\/users\/1"}],"replies":[{"embeddable":true,"href":"https:\/\/afriquia50sprints.com\/en\/wp-json\/wp\/v2\/comments?post=2787"}],"version-history":[{"count":5,"href":"https:\/\/afriquia50sprints.com\/en\/wp-json\/wp\/v2\/pages\/2787\/revisions"}],"predecessor-version":[{"id":2896,"href":"https:\/\/afriquia50sprints.com\/en\/wp-json\/wp\/v2\/pages\/2787\/revisions\/2896"}],"wp:attachment":[{"href":"https:\/\/afriquia50sprints.com\/en\/wp-json\/wp\/v2\/media?parent=2787"}],"curies":[{"name":"wp","href":"https:\/\/api.w.org\/{rel}","templated":true}]}}